{"id":11,"date":"2024-08-21T13:12:29","date_gmt":"2024-08-21T13:12:29","guid":{"rendered":"https:\/\/krogoco.se\/halmstad\/?page_id=11"},"modified":"2025-12-16T10:35:35","modified_gmt":"2025-12-16T10:35:35","slug":"framsida-halmstad","status":"publish","type":"page","link":"https:\/\/krogoco.se\/uddevalla\/","title":{"rendered":"V\u00e4lkommen till Krog &amp; co Uddevalla"},"content":{"rendered":"\n<p>V\u00e4lkommen till Krog &amp; Co i hj\u00e4rtat av Uddevalla! H\u00e4r m\u00f6ts god mat, sk\u00f6n st\u00e4mning och h\u00e4rliga m\u00e4nniskor. Oavsett om du \u00e4r sugen p\u00e5 en klassisk middag, n\u00e5got gott att dricka, eller bara vill njuta av atmosf\u00e4ren, s\u00e5 har vi n\u00e5got f\u00f6r dig. Kom in, sl\u00e5 dig ner och l\u00e5t oss ta hand om resten!<\/p>\n\n\n\n<p>En trappa upp finner ni \u00e4ven v\u00e5r festv\u00e5ning som kan bokas f\u00f6r s\u00e5v\u00e4l f\u00f6retag som f\u00f6r privatpersoner och passar till alla tillf\u00e4llen. Vi skr\u00e4ddarsyr er kv\u00e4ll hos oss efter era \u00f6nskem\u00e5l. Vi erbjuder alltifr\u00e5n buff\u00e9er, middagspaket, DJ, quiz &amp; mycket mer!<\/p>\n\n\n\n<p>F\u00f6r avvikande \u00f6ppettider, kolla in v\u00e5r kalender.<\/p>\n\n\n\n<p class=\"has-small-font-size\"><\/p>\n\n\n\n<p>K\u00e5lg\u00e5rdsbergsgatan 8<br>451 30 Uddevalla<br>Tel: 0522-395 99<br><a href=\"mailto:uddevalla@krogoco.se\">uddevalla@krogoco.se<\/a><\/p>\n\n\n\n<p><a href=\"mailto:halmstad@krogoco.se\"><\/a><\/p>\n","protected":false},"excerpt":{"rendered":"<p>V\u00e4lkommen till Krog &amp; Co i hj\u00e4rtat av Uddevalla! H\u00e4r m\u00f6ts god mat, sk\u00f6n st\u00e4mning och h\u00e4rliga m\u00e4nniskor. Oavsett om du \u00e4r sugen p\u00e5 en klassisk middag, n\u00e5got gott att dricka, eller bara vill njuta av atmosf\u00e4ren, s\u00e5 har vi n\u00e5got f\u00f6r dig. Kom in, sl\u00e5 dig ner och l\u00e5t oss ta hand om resten! [&hellip;]<\/p>\n","protected":false},"author":1,"featured_media":0,"parent":0,"menu_order":0,"comment_status":"closed","ping_status":"closed","template":"","meta":{"_acf_changed":false,"footnotes":""},"class_list":["post-11","page","type-page","status-publish","hentry"],"acf":[],"_links":{"self":[{"href":"https:\/\/krogoco.se\/uddevalla\/wp-json\/wp\/v2\/pages\/11","targetHints":{"allow":["GET"]}}],"collection":[{"href":"https:\/\/krogoco.se\/uddevalla\/wp-json\/wp\/v2\/pages"}],"about":[{"href":"https:\/\/krogoco.se\/uddevalla\/wp-json\/wp\/v2\/types\/page"}],"author":[{"embeddable":true,"href":"https:\/\/krogoco.se\/uddevalla\/wp-json\/wp\/v2\/users\/1"}],"replies":[{"embeddable":true,"href":"https:\/\/krogoco.se\/uddevalla\/wp-json\/wp\/v2\/comments?post=11"}],"version-history":[{"count":15,"href":"https:\/\/krogoco.se\/uddevalla\/wp-json\/wp\/v2\/pages\/11\/revisions"}],"predecessor-version":[{"id":1092,"href":"https:\/\/krogoco.se\/uddevalla\/wp-json\/wp\/v2\/pages\/11\/revisions\/1092"}],"wp:attachment":[{"href":"https:\/\/krogoco.se\/uddevalla\/wp-json\/wp\/v2\/media?parent=11"}],"curies":[{"name":"wp","href":"https:\/\/api.w.org\/{rel}","templated":true}]}}