{"id":11,"date":"2024-08-21T13:12:29","date_gmt":"2024-08-21T13:12:29","guid":{"rendered":"https:\/\/krogoco.se\/halmstad\/?page_id=11"},"modified":"2026-02-20T15:03:28","modified_gmt":"2026-02-20T15:03:28","slug":"framsida-halmstad","status":"publish","type":"page","link":"https:\/\/krogoco.se\/ljungby\/","title":{"rendered":"V\u00e4lkommen till Krog &amp; co Ljungby"},"content":{"rendered":"\n<p>V\u00e5r ambition \u00e4r att skapa en m\u00f6tesplats d\u00e4r m\u00e4nniskor genuint kan njuta av god mat, dryck och varandras s\u00e4llskap. V\u00e4lkommen p\u00e5 ett bes\u00f6k n\u00e4ra dig. Kom och koppla av p\u00e5 v\u00e5r uteservering med bubbel och plockmat eller boka bord i v\u00e5r trevliga restaurang.<\/p>\n\n\n\n<p><\/p>\n\n\n\n<p>Stora Torget 1<br>341 43 Ljungby<br>Tel: 0372-135 60<br><a href=\"mailto:ljungby@krogoco.se\" data-type=\"mailto\" data-id=\"mailto:ljungby@krogoco.se\">ljungby@krogoco.se<\/a><\/p>\n\n\n\n<p><a href=\"mailto:halmstad@krogoco.se\"><\/a><\/p>\n","protected":false},"excerpt":{"rendered":"<p>V\u00e5r ambition \u00e4r att skapa en m\u00f6tesplats d\u00e4r m\u00e4nniskor genuint kan njuta av god mat, dryck och varandras s\u00e4llskap. V\u00e4lkommen p\u00e5 ett bes\u00f6k n\u00e4ra dig. Kom och koppla av p\u00e5 v\u00e5r uteservering med bubbel och plockmat eller boka bord i v\u00e5r trevliga restaurang. Stora Torget 1341 43 LjungbyTel: 0372-135 60ljungby@krogoco.se<\/p>\n","protected":false},"author":1,"featured_media":0,"parent":0,"menu_order":0,"comment_status":"closed","ping_status":"closed","template":"","meta":{"_acf_changed":false,"footnotes":""},"class_list":["post-11","page","type-page","status-publish","hentry"],"acf":[],"_links":{"self":[{"href":"https:\/\/krogoco.se\/ljungby\/wp-json\/wp\/v2\/pages\/11","targetHints":{"allow":["GET"]}}],"collection":[{"href":"https:\/\/krogoco.se\/ljungby\/wp-json\/wp\/v2\/pages"}],"about":[{"href":"https:\/\/krogoco.se\/ljungby\/wp-json\/wp\/v2\/types\/page"}],"author":[{"embeddable":true,"href":"https:\/\/krogoco.se\/ljungby\/wp-json\/wp\/v2\/users\/1"}],"replies":[{"embeddable":true,"href":"https:\/\/krogoco.se\/ljungby\/wp-json\/wp\/v2\/comments?post=11"}],"version-history":[{"count":5,"href":"https:\/\/krogoco.se\/ljungby\/wp-json\/wp\/v2\/pages\/11\/revisions"}],"predecessor-version":[{"id":663,"href":"https:\/\/krogoco.se\/ljungby\/wp-json\/wp\/v2\/pages\/11\/revisions\/663"}],"wp:attachment":[{"href":"https:\/\/krogoco.se\/ljungby\/wp-json\/wp\/v2\/media?parent=11"}],"curies":[{"name":"wp","href":"https:\/\/api.w.org\/{rel}","templated":true}]}}