{"id":779,"date":"2024-10-10T17:42:54","date_gmt":"2024-10-10T15:42:54","guid":{"rendered":"https:\/\/krogoco.se\/halmstad\/?page_id=779"},"modified":"2024-10-10T17:44:44","modified_gmt":"2024-10-10T15:44:44","slug":"jobba-hos-oss","status":"publish","type":"page","link":"https:\/\/krogoco.se\/halmstad\/jobba-hos-oss\/","title":{"rendered":"Jobba hos oss"},"content":{"rendered":"\n<p><em>Vi s\u00f6ker f\u00f6r tillf\u00e4llet ingen personal.<\/em><br>&#8211; Men! Vi \u00e4r alltid intresserade av duktiga medarbetare och vill g\u00e4rna att du skickar en spontan ans\u00f6kan till oss s\u00e5 \u00e5terkommer vi till dig. Epost: <a href=\"mailto:halmstad@krogoco.se\">halmstad@krogoco.se<\/a>, m\u00e4rk mailet med &#8221;Jobbans\u00f6kan&#8221;. Vi ses!<\/p>\n\n\n\n<p><br><\/p>\n\n\n\n<figure class=\"wp-block-image size-full\"><img loading=\"lazy\" decoding=\"async\" width=\"922\" height=\"551\" src=\"https:\/\/krogoco.se\/halmstad\/wp-content\/uploads\/sites\/2\/2024\/09\/18-kopiera.jpg\" alt=\"\" class=\"wp-image-693\" srcset=\"https:\/\/krogoco.se\/halmstad\/wp-content\/uploads\/sites\/2\/2024\/09\/18-kopiera.jpg 922w, https:\/\/krogoco.se\/halmstad\/wp-content\/uploads\/sites\/2\/2024\/09\/18-kopiera-300x179.jpg 300w, https:\/\/krogoco.se\/halmstad\/wp-content\/uploads\/sites\/2\/2024\/09\/18-kopiera-768x459.jpg 768w\" sizes=\"auto, (max-width: 922px) 100vw, 922px\" \/><\/figure>\n","protected":false},"excerpt":{"rendered":"<p>Vi s\u00f6ker f\u00f6r tillf\u00e4llet ingen personal.&#8211; Men! Vi \u00e4r alltid intresserade av duktiga medarbetare och vill g\u00e4rna att du skickar en spontan ans\u00f6kan till oss s\u00e5 \u00e5terkommer vi till dig. Epost: halmstad@krogoco.se, m\u00e4rk mailet med &#8221;Jobbans\u00f6kan&#8221;. Vi ses!<\/p>\n","protected":false},"author":1,"featured_media":651,"parent":0,"menu_order":0,"comment_status":"closed","ping_status":"open","template":"","meta":{"_acf_changed":false,"footnotes":""},"class_list":["post-779","page","type-page","status-publish","has-post-thumbnail","hentry"],"acf":[],"_links":{"self":[{"href":"https:\/\/krogoco.se\/halmstad\/wp-json\/wp\/v2\/pages\/779","targetHints":{"allow":["GET"]}}],"collection":[{"href":"https:\/\/krogoco.se\/halmstad\/wp-json\/wp\/v2\/pages"}],"about":[{"href":"https:\/\/krogoco.se\/halmstad\/wp-json\/wp\/v2\/types\/page"}],"author":[{"embeddable":true,"href":"https:\/\/krogoco.se\/halmstad\/wp-json\/wp\/v2\/users\/1"}],"replies":[{"embeddable":true,"href":"https:\/\/krogoco.se\/halmstad\/wp-json\/wp\/v2\/comments?post=779"}],"version-history":[{"count":2,"href":"https:\/\/krogoco.se\/halmstad\/wp-json\/wp\/v2\/pages\/779\/revisions"}],"predecessor-version":[{"id":782,"href":"https:\/\/krogoco.se\/halmstad\/wp-json\/wp\/v2\/pages\/779\/revisions\/782"}],"wp:featuredmedia":[{"embeddable":true,"href":"https:\/\/krogoco.se\/halmstad\/wp-json\/wp\/v2\/media\/651"}],"wp:attachment":[{"href":"https:\/\/krogoco.se\/halmstad\/wp-json\/wp\/v2\/media?parent=779"}],"curies":[{"name":"wp","href":"https:\/\/api.w.org\/{rel}","templated":true}]}}