{"id":2,"date":"2024-06-19T13:12:45","date_gmt":"2024-06-19T13:12:45","guid":{"rendered":"https:\/\/krogoco.se\/halmstad\/?page_id=2"},"modified":"2025-08-13T14:53:03","modified_gmt":"2025-08-13T12:53:03","slug":"boka-bord","status":"publish","type":"page","link":"https:\/\/krogoco.se\/halmstad\/boka-bord\/","title":{"rendered":"Boka Bord"},"content":{"rendered":"\n<p>Via v\u00e5r bokningssida kan du boka bord f\u00f6r upp till 7 personer. Vi st\u00f6rre s\u00e4llskap v\u00e4nligen kontakta oss p\u00e5 telefon 035-10 55 95 eller epost <a href=\"mailto:halmstad@krogoco.se\">halmstad@krogoco.se<\/a>.<br><br>Om n\u00e5got kr\u00e5nglar eller du inte kan boka via v\u00e5r bokningssida \u00e4r du alltid v\u00e4lkommen att ringa eller maila oss p\u00e5 <a href=\"mailto:halmstad@krogoco.se\">halmstad@krogoco.se<\/a>.<\/p>\n\n\n\n<p>Missa inte att du ocks\u00e5 kan boka sena bord p\u00e5 fredag och l\u00f6rdag fr\u00e5n kl.22.00 och fram\u00e5t i v\u00e5r Lounge.<br><br>Om vi har fullt upp och inte svarar i telefon \u00e4r du alltid v\u00e4lkommen att maila oss p\u00e5 <a href=\"mailto:halmstad@krogoco.se\">halmstad@krogoco.se<\/a>.<br><br>Observera att s\u00f6ndagen den 24\/8 h\u00e5ller vi st\u00e4ngt f\u00f6r personalv\u00e5rd! V\u00e4lkomna \u00e5ter p\u00e5 m\u00e5ndag! <\/p>\n\n\n\n<p><br><\/p>\n\n\n\n<div class=\"wp-block-buttons is-layout-flex wp-block-buttons-is-layout-flex\">\n<div class=\"wp-block-button\"><a class=\"wp-block-button__link wp-element-button\" href=\"https:\/\/cloud.caspeco.se\/public\/webBooking?system=se_harhal&amp;unitId=13\">BOKA BORD<\/a><\/div>\n<\/div>\n\n\n\n<figure class=\"wp-block-image size-large\"><img loading=\"lazy\" decoding=\"async\" width=\"1024\" height=\"670\" src=\"https:\/\/krogoco.se\/halmstad\/wp-content\/uploads\/sites\/2\/2024\/09\/7-kopiera-1024x670.jpg\" alt=\"\" class=\"wp-image-651\" srcset=\"https:\/\/krogoco.se\/halmstad\/wp-content\/uploads\/sites\/2\/2024\/09\/7-kopiera-1024x670.jpg 1024w, https:\/\/krogoco.se\/halmstad\/wp-content\/uploads\/sites\/2\/2024\/09\/7-kopiera-300x196.jpg 300w, https:\/\/krogoco.se\/halmstad\/wp-content\/uploads\/sites\/2\/2024\/09\/7-kopiera-768x502.jpg 768w, https:\/\/krogoco.se\/halmstad\/wp-content\/uploads\/sites\/2\/2024\/09\/7-kopiera.jpg 1318w\" sizes=\"auto, (max-width: 1024px) 100vw, 1024px\" \/><\/figure>\n","protected":false},"excerpt":{"rendered":"<p>Via v\u00e5r bokningssida kan du boka bord f\u00f6r upp till 7 personer. Vi st\u00f6rre s\u00e4llskap v\u00e4nligen kontakta oss p\u00e5 telefon 035-10 55 95 eller epost halmstad@krogoco.se. Om n\u00e5got kr\u00e5nglar eller du inte kan boka via v\u00e5r bokningssida \u00e4r du alltid v\u00e4lkommen att ringa eller maila oss p\u00e5 halmstad@krogoco.se. Missa inte att du ocks\u00e5 kan boka [&hellip;]<\/p>\n","protected":false},"author":2,"featured_media":651,"parent":0,"menu_order":0,"comment_status":"closed","ping_status":"open","template":"","meta":{"_acf_changed":false,"footnotes":""},"class_list":["post-2","page","type-page","status-publish","has-post-thumbnail","hentry"],"acf":[],"_links":{"self":[{"href":"https:\/\/krogoco.se\/halmstad\/wp-json\/wp\/v2\/pages\/2","targetHints":{"allow":["GET"]}}],"collection":[{"href":"https:\/\/krogoco.se\/halmstad\/wp-json\/wp\/v2\/pages"}],"about":[{"href":"https:\/\/krogoco.se\/halmstad\/wp-json\/wp\/v2\/types\/page"}],"author":[{"embeddable":true,"href":"https:\/\/krogoco.se\/halmstad\/wp-json\/wp\/v2\/users\/2"}],"replies":[{"embeddable":true,"href":"https:\/\/krogoco.se\/halmstad\/wp-json\/wp\/v2\/comments?post=2"}],"version-history":[{"count":5,"href":"https:\/\/krogoco.se\/halmstad\/wp-json\/wp\/v2\/pages\/2\/revisions"}],"predecessor-version":[{"id":1058,"href":"https:\/\/krogoco.se\/halmstad\/wp-json\/wp\/v2\/pages\/2\/revisions\/1058"}],"wp:featuredmedia":[{"embeddable":true,"href":"https:\/\/krogoco.se\/halmstad\/wp-json\/wp\/v2\/media\/651"}],"wp:attachment":[{"href":"https:\/\/krogoco.se\/halmstad\/wp-json\/wp\/v2\/media?parent=2"}],"curies":[{"name":"wp","href":"https:\/\/api.w.org\/{rel}","templated":true}]}}