{"id":11,"date":"2024-08-21T13:12:29","date_gmt":"2024-08-21T13:12:29","guid":{"rendered":"https:\/\/krogoco.se\/halmstad\/?page_id=11"},"modified":"2026-02-20T16:08:16","modified_gmt":"2026-02-20T15:08:16","slug":"framsida-halmstad","status":"publish","type":"page","link":"https:\/\/krogoco.se\/halmstad\/","title":{"rendered":"V\u00e4lkommen till Krog &amp; co Halmstad"},"content":{"rendered":"\n<p>V\u00e5r ambition \u00e4r att skapa en m\u00f6tesplats d\u00e4r m\u00e4nniskor genuint kan njuta av god mat, dryck och varandras s\u00e4llskap. V\u00e4lkommen p\u00e5 ett bes\u00f6k n\u00e4ra dig. Kom och koppla av i v\u00e5r mysiga milj\u00f6 med bubbel och plockmat eller boka bord i v\u00e5r trevliga restaurang.<\/p>\n\n\n\n<p><\/p>\n\n\n\n<p>Ni vet v\u00e4l att ni kan boka en egen bubbelprovning hos oss?<\/p>\n\n\n\n<p>Vi erbjuder f\u00e4rdiga paket f\u00f6r 299:- 399:- 499:-pp f\u00f6r minst 10 personer och vi diskuterar fram tid och dag som passar er b\u00e4st.<\/p>\n\n\n\n<p>Vi kan \u00e4ven erbjuda vin, rom, whiskey, gin provningar. Kontakta oss f\u00f6r offert via mejl.<br><br><\/p>\n\n\n\n<p>Storgatan 22<br>302 43 Halmstad<br>Tel: 035-10 55 95<br><a href=\"mailto:halmstad@krogoco.se\">halmstad@krogoco.se<\/a><\/p>\n\n\n\n<p><a href=\"mailto:halmstad@krogoco.se\"><\/a><\/p>\n","protected":false},"excerpt":{"rendered":"<p>V\u00e5r ambition \u00e4r att skapa en m\u00f6tesplats d\u00e4r m\u00e4nniskor genuint kan njuta av god mat, dryck och varandras s\u00e4llskap. V\u00e4lkommen p\u00e5 ett bes\u00f6k n\u00e4ra dig. Kom och koppla av i v\u00e5r mysiga milj\u00f6 med bubbel och plockmat eller boka bord i v\u00e5r trevliga restaurang. Ni vet v\u00e4l att ni kan boka en egen bubbelprovning hos [&hellip;]<\/p>\n","protected":false},"author":1,"featured_media":0,"parent":0,"menu_order":0,"comment_status":"closed","ping_status":"closed","template":"","meta":{"_acf_changed":false,"footnotes":""},"class_list":["post-11","page","type-page","status-publish","hentry"],"acf":[],"_links":{"self":[{"href":"https:\/\/krogoco.se\/halmstad\/wp-json\/wp\/v2\/pages\/11","targetHints":{"allow":["GET"]}}],"collection":[{"href":"https:\/\/krogoco.se\/halmstad\/wp-json\/wp\/v2\/pages"}],"about":[{"href":"https:\/\/krogoco.se\/halmstad\/wp-json\/wp\/v2\/types\/page"}],"author":[{"embeddable":true,"href":"https:\/\/krogoco.se\/halmstad\/wp-json\/wp\/v2\/users\/1"}],"replies":[{"embeddable":true,"href":"https:\/\/krogoco.se\/halmstad\/wp-json\/wp\/v2\/comments?post=11"}],"version-history":[{"count":101,"href":"https:\/\/krogoco.se\/halmstad\/wp-json\/wp\/v2\/pages\/11\/revisions"}],"predecessor-version":[{"id":1047,"href":"https:\/\/krogoco.se\/halmstad\/wp-json\/wp\/v2\/pages\/11\/revisions\/1047"}],"wp:attachment":[{"href":"https:\/\/krogoco.se\/halmstad\/wp-json\/wp\/v2\/media?parent=11"}],"curies":[{"name":"wp","href":"https:\/\/api.w.org\/{rel}","templated":true}]}}